{"id":65,"date":"2022-08-26T13:50:08","date_gmt":"2022-08-26T11:50:08","guid":{"rendered":"https:\/\/nextbike-live.pluspol-networks.de\/strasbourg\/?page_id=65"},"modified":"2024-04-12T11:11:14","modified_gmt":"2024-04-12T09:11:14","slug":"gebuehr","status":"publish","type":"page","link":"https:\/\/vls.velhop.strasbourg.eu\/de\/gebuehr\/","title":{"rendered":"Geb\u00fchr"},"content":{"rendered":"<div class=\"wpb-content-wrapper\"><p>[vc_row][vc_column][vc_column_text]<\/p>\n<h2>Information zur Geb\u00fchr<\/h2>\n<p>[\/vc_column_text][vc_column_text]<\/p>\n<div class=\"row_wrap\">\n<div class=\"wp-block-columns row_xxl\">\n<div class=\"wp-block-column col-12 col-sm-auto\">\n<h2><strong style=\"font-size: 16px\">Liebe Nutzer*innen,<\/strong><\/h2>\n<\/div>\n<\/div>\n<\/div>\n<div class=\"row_wrap\">\n<div class=\"wp-block-columns row_xxl\">\n<div class=\"wp-block-column col-12 col-sm-auto\">\n<p>du hast das Rad unsachgem\u00e4\u00df zur\u00fcckgegeben. V\u00e9lhop R\u00e4der d\u00fcrfen nur an der Station zur\u00fcckgegeben werden, von der sie geliehen wurden. F\u00fcr die unsachgem\u00e4\u00dfe R\u00fcckgabe von R\u00e4dern wird eine Geb\u00fchr von 25 \u20ac pro Ausleihe f\u00e4llig.<\/p>\n<p>Du kannst die Geb\u00fchr noch abwenden:<br \/>\nGehe zur\u00fcck zum Rad und leihe es erneut aus. Mache dies nicht aus der Ferne, da das Schloss automatisch \u00f6ffnet. Die neue Ausleihe wird mit der alten verschmolzen und die Geb\u00fchr f\u00fcr unsachgem\u00e4\u00dfe R\u00fcckgabe gel\u00f6scht, wenn du das Rad nun ordnungsgem\u00e4\u00df zur\u00fcckgibst.<\/p>\n<p>Angefallene Geb\u00fchren kannst du in der Ausleihhistorie in deiner App oder in deinem Kundenkonto \u00fcber den Webseiten-Login einsehen.<\/p>\n<\/div>\n<\/div>\n<\/div>\n<div class=\"row_wrap\">\n<div class=\"wp-block-columns row_xxl\">\n<div class=\"wp-block-column col-12 col-sm-auto\">\n<p><strong>Welche R\u00fcckgabe-Optionen hast du bei V\u00e9lhop?<\/strong><\/p>\n<\/div>\n<\/div>\n<\/div>\n<div class=\"row_wrap\">\n<div class=\"wp-block-columns row_xxl\">\n<div class=\"wp-block-column col-12 col-sm-auto\">\n<h5><strong>An Stationen:<\/strong><\/h5>\n<p>R\u00e4der m\u00fcssen an der Station zur\u00fcckgegeben werden, von der sie entliehen wurden (der Startstation).<\/p>\n<p>Wenn bei der Ankunft an der Station, an der Sie das Fahrrad gemietet haben, kein freier Stellplatz vorhanden ist, stellen Sie es bitte neben den anderen Fahrr\u00e4dern &#8211; au\u00dferhalb der Poller &#8211; ab und schlie\u00dfen Sie das Schloss, um die Miete zu beenden. Das Fahrrad wird normalerweise an der richtigen Station geolokalisiert.<\/p>\n<h5>Abseits von Stationen:<\/h5>\n<p>R\u00e4der d\u00fcrfen nicht abseits der Station zur\u00fcckgegeben werden, von der sie entliehen wurden. Es gibt keine Flexzone! F\u00fcr unsachgem\u00e4\u00dfe R\u00fcckgaben wird automatisch eine Geb\u00fchr von mind. 25 \u20ac berechnet.<\/p>\n<p>&nbsp;<\/p>\n<\/div>\n<\/div>\n<\/div>\n<div class=\"row_wrap\">\n<div class=\"wp-block-columns row_xxl\">\n<div class=\"wp-block-column col-12 col-sm-auto\">\n<p><strong>Irrt\u00fcmliche Geb\u00fchren? Was nun?<\/strong><\/p>\n<\/div>\n<\/div>\n<\/div>\n<div class=\"row_wrap\">\n<div class=\"wp-block-columns row_xxl\">\n<div class=\"wp-block-column col-12 col-sm-auto\">\n<p>Aufgrund von leichten GPS-Abweichungen kann es passieren, dass dir eine Geb\u00fchr f\u00fcr unsachgem\u00e4\u00dfe R\u00fcckgabe berechnet wird, obwohl du das Rad an einer Station abgestellt hast. Kein Problem. Kontaktiere unsere Hotline unter <a href=\"tel:+330367707070\">+33 (0)3 67 70 70 70<\/a> oder schicke uns eine Nachricht per App mit deiner registrierten Handynummer, Radnummer und kurzer Schilderung des Sachverhalts. Wir berichtigen die Ausleihe.<\/p>\n<\/div>\n<\/div>\n<\/div>\n<p>[\/vc_column_text][\/vc_column][\/vc_row]<\/p>\n<\/div>","protected":false},"excerpt":{"rendered":"<p>[vc_row][vc_column][vc_column_text] Information zur Geb\u00fchr [\/vc_column_text][vc_column_text] Liebe Nutzer*innen, du hast das Rad unsachgem\u00e4\u00df zur\u00fcckgegeben. V\u00e9lhop R\u00e4der d\u00fcrfen nur an der Station zur\u00fcckgegeben werden, von der sie geliehen wurden. F\u00fcr die unsachgem\u00e4\u00dfe R\u00fcckgabe von R\u00e4dern wird eine Geb\u00fchr von 25 \u20ac pro Ausleihe f\u00e4llig. Du kannst die Geb\u00fchr noch abwenden: Gehe zur\u00fcck zum Rad und leihe es [&hellip;]<\/p>\n","protected":false},"author":2,"featured_media":0,"parent":0,"menu_order":0,"comment_status":"closed","ping_status":"closed","template":"page-bubble.php","meta":{"_acf_changed":false,"inline_featured_image":false,"footnotes":""},"class_list":["post-65","page","type-page","status-publish","hentry"],"acf":[],"yoast_head":"<!-- This site is optimized with the Yoast SEO plugin v27.2 - https:\/\/yoast.com\/product\/yoast-seo-wordpress\/ -->\n<title>Geb\u00fchr - Strasbourg<\/title>\n<meta name=\"robots\" content=\"index, follow, max-snippet:-1, max-image-preview:large, max-video-preview:-1\" \/>\n<link rel=\"canonical\" href=\"https:\/\/vls.velhop.strasbourg.eu\/de\/gebuehr\/\" \/>\n<meta property=\"og:locale\" content=\"de_DE\" \/>\n<meta property=\"og:type\" content=\"article\" \/>\n<meta property=\"og:title\" content=\"Geb\u00fchr - Strasbourg\" \/>\n<meta property=\"og:description\" content=\"[vc_row][vc_column][vc_column_text] Information zur Geb\u00fchr [\/vc_column_text][vc_column_text] Liebe Nutzer*innen, du hast das Rad unsachgem\u00e4\u00df zur\u00fcckgegeben. V\u00e9lhop R\u00e4der d\u00fcrfen nur an der Station zur\u00fcckgegeben werden, von der sie geliehen wurden. F\u00fcr die unsachgem\u00e4\u00dfe R\u00fcckgabe von R\u00e4dern wird eine Geb\u00fchr von 25 \u20ac pro Ausleihe f\u00e4llig. Du kannst die Geb\u00fchr noch abwenden: Gehe zur\u00fcck zum Rad und leihe es [&hellip;]\" \/>\n<meta property=\"og:url\" content=\"https:\/\/vls.velhop.strasbourg.eu\/de\/gebuehr\/\" \/>\n<meta property=\"og:site_name\" content=\"Strasbourg\" \/>\n<meta property=\"article:modified_time\" content=\"2024-04-12T09:11:14+00:00\" \/>\n<meta name=\"twitter:card\" content=\"summary_large_image\" \/>\n<meta name=\"twitter:label1\" content=\"Gesch\u00e4tzte Lesezeit\" \/>\n\t<meta name=\"twitter:data1\" content=\"2\u00a0Minuten\" \/>\n<script type=\"application\/ld+json\" class=\"yoast-schema-graph\">{\"@context\":\"https:\/\/schema.org\",\"@graph\":[{\"@type\":\"WebPage\",\"@id\":\"https:\/\/vls.velhop.strasbourg.eu\/de\/gebuehr\/\",\"url\":\"https:\/\/vls.velhop.strasbourg.eu\/de\/gebuehr\/\",\"name\":\"Geb\u00fchr - Strasbourg\",\"isPartOf\":{\"@id\":\"https:\/\/vls.velhop.strasbourg.eu\/de\/#website\"},\"datePublished\":\"2022-08-26T11:50:08+00:00\",\"dateModified\":\"2024-04-12T09:11:14+00:00\",\"breadcrumb\":{\"@id\":\"https:\/\/vls.velhop.strasbourg.eu\/de\/gebuehr\/#breadcrumb\"},\"inLanguage\":\"de\",\"potentialAction\":[{\"@type\":\"ReadAction\",\"target\":[\"https:\/\/vls.velhop.strasbourg.eu\/de\/gebuehr\/\"]}]},{\"@type\":\"BreadcrumbList\",\"@id\":\"https:\/\/vls.velhop.strasbourg.eu\/de\/gebuehr\/#breadcrumb\",\"itemListElement\":[{\"@type\":\"ListItem\",\"position\":1,\"name\":\"Startseite\",\"item\":\"https:\/\/vls.velhop.strasbourg.eu\/de\/\"},{\"@type\":\"ListItem\",\"position\":2,\"name\":\"Geb\u00fchr\"}]},{\"@type\":\"WebSite\",\"@id\":\"https:\/\/vls.velhop.strasbourg.eu\/de\/#website\",\"url\":\"https:\/\/vls.velhop.strasbourg.eu\/de\/\",\"name\":\"Strasbourg\",\"description\":\"Eine weitere Nextbike Websites Website\",\"potentialAction\":[{\"@type\":\"SearchAction\",\"target\":{\"@type\":\"EntryPoint\",\"urlTemplate\":\"https:\/\/vls.velhop.strasbourg.eu\/de\/?s={search_term_string}\"},\"query-input\":{\"@type\":\"PropertyValueSpecification\",\"valueRequired\":true,\"valueName\":\"search_term_string\"}}],\"inLanguage\":\"de\"}]}<\/script>\n<!-- \/ Yoast SEO plugin. -->","yoast_head_json":{"title":"Geb\u00fchr - Strasbourg","robots":{"index":"index","follow":"follow","max-snippet":"max-snippet:-1","max-image-preview":"max-image-preview:large","max-video-preview":"max-video-preview:-1"},"canonical":"https:\/\/vls.velhop.strasbourg.eu\/de\/gebuehr\/","og_locale":"de_DE","og_type":"article","og_title":"Geb\u00fchr - Strasbourg","og_description":"[vc_row][vc_column][vc_column_text] Information zur Geb\u00fchr [\/vc_column_text][vc_column_text] Liebe Nutzer*innen, du hast das Rad unsachgem\u00e4\u00df zur\u00fcckgegeben. V\u00e9lhop R\u00e4der d\u00fcrfen nur an der Station zur\u00fcckgegeben werden, von der sie geliehen wurden. F\u00fcr die unsachgem\u00e4\u00dfe R\u00fcckgabe von R\u00e4dern wird eine Geb\u00fchr von 25 \u20ac pro Ausleihe f\u00e4llig. Du kannst die Geb\u00fchr noch abwenden: Gehe zur\u00fcck zum Rad und leihe es [&hellip;]","og_url":"https:\/\/vls.velhop.strasbourg.eu\/de\/gebuehr\/","og_site_name":"Strasbourg","article_modified_time":"2024-04-12T09:11:14+00:00","twitter_card":"summary_large_image","twitter_misc":{"Gesch\u00e4tzte Lesezeit":"2\u00a0Minuten"},"schema":{"@context":"https:\/\/schema.org","@graph":[{"@type":"WebPage","@id":"https:\/\/vls.velhop.strasbourg.eu\/de\/gebuehr\/","url":"https:\/\/vls.velhop.strasbourg.eu\/de\/gebuehr\/","name":"Geb\u00fchr - Strasbourg","isPartOf":{"@id":"https:\/\/vls.velhop.strasbourg.eu\/de\/#website"},"datePublished":"2022-08-26T11:50:08+00:00","dateModified":"2024-04-12T09:11:14+00:00","breadcrumb":{"@id":"https:\/\/vls.velhop.strasbourg.eu\/de\/gebuehr\/#breadcrumb"},"inLanguage":"de","potentialAction":[{"@type":"ReadAction","target":["https:\/\/vls.velhop.strasbourg.eu\/de\/gebuehr\/"]}]},{"@type":"BreadcrumbList","@id":"https:\/\/vls.velhop.strasbourg.eu\/de\/gebuehr\/#breadcrumb","itemListElement":[{"@type":"ListItem","position":1,"name":"Startseite","item":"https:\/\/vls.velhop.strasbourg.eu\/de\/"},{"@type":"ListItem","position":2,"name":"Geb\u00fchr"}]},{"@type":"WebSite","@id":"https:\/\/vls.velhop.strasbourg.eu\/de\/#website","url":"https:\/\/vls.velhop.strasbourg.eu\/de\/","name":"Strasbourg","description":"Eine weitere Nextbike Websites Website","potentialAction":[{"@type":"SearchAction","target":{"@type":"EntryPoint","urlTemplate":"https:\/\/vls.velhop.strasbourg.eu\/de\/?s={search_term_string}"},"query-input":{"@type":"PropertyValueSpecification","valueRequired":true,"valueName":"search_term_string"}}],"inLanguage":"de"}]}},"_links":{"self":[{"href":"https:\/\/vls.velhop.strasbourg.eu\/de\/wp-json\/wp\/v2\/pages\/65","targetHints":{"allow":["GET"]}}],"collection":[{"href":"https:\/\/vls.velhop.strasbourg.eu\/de\/wp-json\/wp\/v2\/pages"}],"about":[{"href":"https:\/\/vls.velhop.strasbourg.eu\/de\/wp-json\/wp\/v2\/types\/page"}],"author":[{"embeddable":true,"href":"https:\/\/vls.velhop.strasbourg.eu\/de\/wp-json\/wp\/v2\/users\/2"}],"replies":[{"embeddable":true,"href":"https:\/\/vls.velhop.strasbourg.eu\/de\/wp-json\/wp\/v2\/comments?post=65"}],"version-history":[{"count":7,"href":"https:\/\/vls.velhop.strasbourg.eu\/de\/wp-json\/wp\/v2\/pages\/65\/revisions"}],"predecessor-version":[{"id":376,"href":"https:\/\/vls.velhop.strasbourg.eu\/de\/wp-json\/wp\/v2\/pages\/65\/revisions\/376"}],"wp:attachment":[{"href":"https:\/\/vls.velhop.strasbourg.eu\/de\/wp-json\/wp\/v2\/media?parent=65"}],"curies":[{"name":"wp","href":"https:\/\/api.w.org\/{rel}","templated":true}]}}