{"id":110,"date":"2022-08-11T12:14:05","date_gmt":"2022-08-11T10:14:05","guid":{"rendered":"https:\/\/nextbike-live.pluspol-networks.de\/strasbourg\/declaration-de-confidentialite\/"},"modified":"2023-06-16T14:37:00","modified_gmt":"2023-06-16T12:37:00","slug":"declaration-de-confidentialite","status":"publish","type":"page","link":"https:\/\/vls.velhop.strasbourg.eu\/fr\/declaration-de-confidentialite\/","title":{"rendered":"D\u00e9claration de Confidentialit\u00e9"},"content":{"rendered":"<div class=\"wpb-content-wrapper\"><p>[vc_row][vc_column][vc_column_text]<div class=\"ppi_privacy ppi_content\"><h2>Confidentialit\u00e9<\/h2>\n<p><strong>Nom et adresse de la personne responsable:<\/strong><\/p>\n<p>La personne responsable au sens du r\u00e8glement de base sur la protection des donn\u00e9es et des autres lois nationales sur la protection des donn\u00e9es des \u00c9tats membres ainsi que des autres dispositions relatives \u00e0 la protection des donn\u00e9es est:<\/p>\n<div data-font-name=\"g_d3_f4\" data-angle=\"0\" data-canvas-width=\"117.61519999999996\">STRASBOURG MOBILIT\u00c9S VELO (SMV)<br \/>\n55 rue du March\u00e9 gare<br \/>\n67 200 STRASBOURG<br \/>\nE-Mail :\u00a0<a href=\"mailto:contact@velhop.strasbourg.eu\">contact@velhop.strasbourg.eu<\/a><\/div>\n<p>Nous prenons tr\u00e8s au s\u00e9rieux la protection de vos donn\u00e9es personnelles et les traitons de mani\u00e8re confidentielle et conform\u00e9ment aux dispositions l\u00e9gales en mati\u00e8re de protection des donn\u00e9es et \u00e0 la pr\u00e9sente d\u00e9claration de protection des donn\u00e9es.<\/p>\n<p>L\u2019utilisation de nos pages web est possible sans fournir de donn\u00e9es personnelles. Dans la mesure o\u00f9 des donn\u00e9es personnelles (par exemple le nom, l\u2019adresse ou l\u2019adresse \u00e9lectronique) sont recueillies sur nos pages, ceci a lieu, dans la mesure du possible, toujours sur une base volontaire. Ces donn\u00e9es ne seront pas transmises \u00e0 des tiers sans votre consentement explicite.<\/p>\n<p>Les dispositions suivantes vous informent \u00e0 cet \u00e9gard sur le type, la port\u00e9e et la finalit\u00e9 de la collecte, de l\u2019utilisation et du traitement des donn\u00e9es personnelles par le prestataire.<\/p>\n<p>&nbsp;<\/p>\n<p><a class=\"borlabs-cookie-preference\" href=\"#\">D\u00e9finir des param\u00e8tres individuels de protection des donn\u00e9es.<\/a><\/p>\n<h4 class=\"ppi_download_headline\">Politique de confidentialit\u00e9 Strasbourg Mobilit\u00e9s V\u00e9lo<\/h4><div class=\"ppi_download_row ppi_row\"><div class=\"ppi_download_col ppi_col-md-6\"><p class=\"ppi_download_desc\">D\u00e9claration de confidentialit\u00e9 Web - allemand (PDF)<\/p><a aria-label=\"Ouvre dans un nouvel onglet\" href=\"https:\/\/vls.velhop.strasbourg.eu\/wp-content\/uploads\/sites\/66\/2023\/10\/Politique-de-confidentialite_Strasbourg-Mobilites-Velo_2023.pdf\" target=\"_blank\" class=\"ppi_download_link\"><strong>T\u00e9l\u00e9charger<\/strong><\/a><\/div><\/div><\/div>[\/vc_column_text][\/vc_column][\/vc_row]<\/p>\n<\/div>","protected":false},"excerpt":{"rendered":"<p>[vc_row][vc_column][vc_column_text][\/vc_column_text][\/vc_column][\/vc_row]<\/p>\n","protected":false},"author":5,"featured_media":0,"parent":0,"menu_order":0,"comment_status":"closed","ping_status":"closed","template":"page-bubble.php","meta":{"_acf_changed":false,"inline_featured_image":false,"footnotes":""},"class_list":["post-110","page","type-page","status-publish","hentry"],"acf":[],"yoast_head":"<!-- This site is optimized with the Yoast SEO plugin v27.2 - https:\/\/yoast.com\/product\/yoast-seo-wordpress\/ -->\n<title>D\u00e9claration de Confidentialit\u00e9 - Strasbourg<\/title>\n<meta name=\"robots\" content=\"index, follow, max-snippet:-1, max-image-preview:large, max-video-preview:-1\" \/>\n<link rel=\"canonical\" href=\"https:\/\/vls.velhop.strasbourg.eu\/fr\/declaration-de-confidentialite\/\" \/>\n<meta property=\"og:locale\" content=\"fr_FR\" \/>\n<meta property=\"og:type\" content=\"article\" \/>\n<meta property=\"og:title\" content=\"D\u00e9claration de Confidentialit\u00e9 - Strasbourg\" \/>\n<meta property=\"og:description\" content=\"[vc_row][vc_column][vc_column_text][\/vc_column_text][\/vc_column][\/vc_row]\" \/>\n<meta property=\"og:url\" content=\"https:\/\/vls.velhop.strasbourg.eu\/fr\/declaration-de-confidentialite\/\" \/>\n<meta property=\"og:site_name\" content=\"Strasbourg\" \/>\n<meta property=\"article:modified_time\" content=\"2023-06-16T12:37:00+00:00\" \/>\n<meta name=\"twitter:card\" content=\"summary_large_image\" \/>\n<script type=\"application\/ld+json\" class=\"yoast-schema-graph\">{\"@context\":\"https:\/\/schema.org\",\"@graph\":[{\"@type\":\"WebPage\",\"@id\":\"https:\/\/vls.velhop.strasbourg.eu\/fr\/declaration-de-confidentialite\/\",\"url\":\"https:\/\/vls.velhop.strasbourg.eu\/fr\/declaration-de-confidentialite\/\",\"name\":\"D\u00e9claration de Confidentialit\u00e9 - Strasbourg\",\"isPartOf\":{\"@id\":\"https:\/\/vls.velhop.strasbourg.eu\/fr\/#website\"},\"datePublished\":\"2022-08-11T10:14:05+00:00\",\"dateModified\":\"2023-06-16T12:37:00+00:00\",\"breadcrumb\":{\"@id\":\"https:\/\/vls.velhop.strasbourg.eu\/fr\/declaration-de-confidentialite\/#breadcrumb\"},\"inLanguage\":\"fr-FR\",\"potentialAction\":[{\"@type\":\"ReadAction\",\"target\":[\"https:\/\/vls.velhop.strasbourg.eu\/fr\/declaration-de-confidentialite\/\"]}]},{\"@type\":\"BreadcrumbList\",\"@id\":\"https:\/\/vls.velhop.strasbourg.eu\/fr\/declaration-de-confidentialite\/#breadcrumb\",\"itemListElement\":[{\"@type\":\"ListItem\",\"position\":1,\"name\":\"Startseite\",\"item\":\"https:\/\/vls.velhop.strasbourg.eu\/fr\/\"},{\"@type\":\"ListItem\",\"position\":2,\"name\":\"D\u00e9claration de Confidentialit\u00e9\"}]},{\"@type\":\"WebSite\",\"@id\":\"https:\/\/vls.velhop.strasbourg.eu\/fr\/#website\",\"url\":\"https:\/\/vls.velhop.strasbourg.eu\/fr\/\",\"name\":\"Strasbourg\",\"description\":\"Eine weitere Nextbike Websites Website\",\"potentialAction\":[{\"@type\":\"SearchAction\",\"target\":{\"@type\":\"EntryPoint\",\"urlTemplate\":\"https:\/\/vls.velhop.strasbourg.eu\/fr\/?s={search_term_string}\"},\"query-input\":{\"@type\":\"PropertyValueSpecification\",\"valueRequired\":true,\"valueName\":\"search_term_string\"}}],\"inLanguage\":\"fr-FR\"}]}<\/script>\n<!-- \/ Yoast SEO plugin. -->","yoast_head_json":{"title":"D\u00e9claration de Confidentialit\u00e9 - Strasbourg","robots":{"index":"index","follow":"follow","max-snippet":"max-snippet:-1","max-image-preview":"max-image-preview:large","max-video-preview":"max-video-preview:-1"},"canonical":"https:\/\/vls.velhop.strasbourg.eu\/fr\/declaration-de-confidentialite\/","og_locale":"fr_FR","og_type":"article","og_title":"D\u00e9claration de Confidentialit\u00e9 - Strasbourg","og_description":"[vc_row][vc_column][vc_column_text][\/vc_column_text][\/vc_column][\/vc_row]","og_url":"https:\/\/vls.velhop.strasbourg.eu\/fr\/declaration-de-confidentialite\/","og_site_name":"Strasbourg","article_modified_time":"2023-06-16T12:37:00+00:00","twitter_card":"summary_large_image","schema":{"@context":"https:\/\/schema.org","@graph":[{"@type":"WebPage","@id":"https:\/\/vls.velhop.strasbourg.eu\/fr\/declaration-de-confidentialite\/","url":"https:\/\/vls.velhop.strasbourg.eu\/fr\/declaration-de-confidentialite\/","name":"D\u00e9claration de Confidentialit\u00e9 - Strasbourg","isPartOf":{"@id":"https:\/\/vls.velhop.strasbourg.eu\/fr\/#website"},"datePublished":"2022-08-11T10:14:05+00:00","dateModified":"2023-06-16T12:37:00+00:00","breadcrumb":{"@id":"https:\/\/vls.velhop.strasbourg.eu\/fr\/declaration-de-confidentialite\/#breadcrumb"},"inLanguage":"fr-FR","potentialAction":[{"@type":"ReadAction","target":["https:\/\/vls.velhop.strasbourg.eu\/fr\/declaration-de-confidentialite\/"]}]},{"@type":"BreadcrumbList","@id":"https:\/\/vls.velhop.strasbourg.eu\/fr\/declaration-de-confidentialite\/#breadcrumb","itemListElement":[{"@type":"ListItem","position":1,"name":"Startseite","item":"https:\/\/vls.velhop.strasbourg.eu\/fr\/"},{"@type":"ListItem","position":2,"name":"D\u00e9claration de Confidentialit\u00e9"}]},{"@type":"WebSite","@id":"https:\/\/vls.velhop.strasbourg.eu\/fr\/#website","url":"https:\/\/vls.velhop.strasbourg.eu\/fr\/","name":"Strasbourg","description":"Eine weitere Nextbike Websites Website","potentialAction":[{"@type":"SearchAction","target":{"@type":"EntryPoint","urlTemplate":"https:\/\/vls.velhop.strasbourg.eu\/fr\/?s={search_term_string}"},"query-input":{"@type":"PropertyValueSpecification","valueRequired":true,"valueName":"search_term_string"}}],"inLanguage":"fr-FR"}]}},"_links":{"self":[{"href":"https:\/\/vls.velhop.strasbourg.eu\/fr\/wp-json\/wp\/v2\/pages\/110","targetHints":{"allow":["GET"]}}],"collection":[{"href":"https:\/\/vls.velhop.strasbourg.eu\/fr\/wp-json\/wp\/v2\/pages"}],"about":[{"href":"https:\/\/vls.velhop.strasbourg.eu\/fr\/wp-json\/wp\/v2\/types\/page"}],"author":[{"embeddable":true,"href":"https:\/\/vls.velhop.strasbourg.eu\/fr\/wp-json\/wp\/v2\/users\/5"}],"replies":[{"embeddable":true,"href":"https:\/\/vls.velhop.strasbourg.eu\/fr\/wp-json\/wp\/v2\/comments?post=110"}],"version-history":[{"count":3,"href":"https:\/\/vls.velhop.strasbourg.eu\/fr\/wp-json\/wp\/v2\/pages\/110\/revisions"}],"predecessor-version":[{"id":113,"href":"https:\/\/vls.velhop.strasbourg.eu\/fr\/wp-json\/wp\/v2\/pages\/110\/revisions\/113"}],"wp:attachment":[{"href":"https:\/\/vls.velhop.strasbourg.eu\/fr\/wp-json\/wp\/v2\/media?parent=110"}],"curies":[{"name":"wp","href":"https:\/\/api.w.org\/{rel}","templated":true}]}}