{"id":118,"date":"2022-08-26T13:50:08","date_gmt":"2022-08-26T11:50:08","guid":{"rendered":"https:\/\/nextbike-live.pluspol-networks.de\/strasbourg\/frais\/"},"modified":"2024-04-12T11:23:13","modified_gmt":"2024-04-12T09:23:13","slug":"frais","status":"publish","type":"page","link":"https:\/\/vls.velhop.strasbourg.eu\/fr\/frais\/","title":{"rendered":"Frais de service"},"content":{"rendered":"<div class=\"wpb-content-wrapper\"><p>[vc_row][vc_column][vc_column_text]<\/p>\n<h2>Informations relatives aux frais de service<\/h2>\n<p>[\/vc_column_text][vc_column_text]<\/p>\n<div class=\"row_wrap\">\n<div class=\"wp-block-columns row_xxl\">\n<div class=\"wp-block-column col-12 col-sm-auto\">\n<h2><strong style=\"font-size: 16px\">Cher\/ch\u00e8re utilisateur\/trice,<\/strong><\/h2>\n<\/div>\n<\/div>\n<\/div>\n<div class=\"row_wrap\">\n<div class=\"wp-block-columns row_xxl\">\n<div class=\"wp-block-column col-12 col-sm-auto\">\n<p>Vous avez retourn\u00e9 le v\u00e9lo de mani\u00e8re non conforme au r\u00e8gles du syst\u00e8me. Les v\u00e9los V\u00e9lhop ne peuvent \u00eatre rendus qu&rsquo;\u00e0 la station \u00e0 laquelle ils ont \u00e9t\u00e9 lou\u00e9s. En cas de restitution incorrecte de v\u00e9los, une p\u00e9nalit\u00e9 de 25 \u20ac par location est appliqu\u00e9e.<\/p>\n<p>Il est encore possible d\u2019\u00e9viter la p\u00e9nalit\u00e9 :<br \/>\nRetournez au v\u00e9lo et proc\u00e9dez \u00e0 nouveau \u00e0 la location. Merci de ne pas le faire \u00e0 distance, car le cadenas s&rsquo;ouvre automatiquement. La nouvelle location sera fusionn\u00e9e avec la pr\u00e9c\u00e9dente et la p\u00e9nalit\u00e9 ne vous sera pas factur\u00e9e si vous retournez le v\u00e9lo \u00e0 la station d\u2019origine.<\/p>\n<p>Vous pouvez consulter les frais encourus dans l&rsquo;historique des locations dans votre application ou dans votre compte client via le site web.<\/p>\n<\/div>\n<\/div>\n<\/div>\n<div class=\"row_wrap\">\n<div class=\"wp-block-columns row_xxl\">\n<div class=\"wp-block-column col-12 col-sm-auto\">\n<p><strong>Quelles sont les conditions de restitution sur le syst\u00e8me V\u00e9lhop VLS ?<br \/>\n<\/strong><\/p>\n<\/div>\n<\/div>\n<\/div>\n<div class=\"row_wrap\">\n<div class=\"wp-block-columns row_xxl\">\n<div class=\"wp-block-column col-12 col-sm-auto\">\n<h5><strong>Dans les stations :<\/strong><\/h5>\n<p>Les v\u00e9los doivent \u00eatre rendus <strong>\u00e0 la station \u00e0 laquelle ils ont \u00e9t\u00e9 lou\u00e9s au d\u00e9part (station d\u2019origine).<\/strong><\/p>\n<p>Si en arrivant \u00e0 la station ou vous avez lou\u00e9 le v\u00e9lo il n&rsquo;y a aucun emplacement de libre, merci de le <strong>garer \u00e0 c\u00f4t\u00e9 des autres v\u00e9los<\/strong> &#8211; en dehors des bornes &#8211; et fermer le cadenas pour terminer la location. Le v\u00e9lo sera g\u00e9olocalis\u00e9 normalement \u00e0 la bonne station.<\/p>\n<h5>En dehors des stations :<\/h5>\n<p>Les v\u00e9los ne peuvent pas \u00eatre rendus en dehors de la station d\u2019origine. Il n&rsquo;y a pas de zone faisant exception ! Une p\u00e9nalit\u00e9 d&rsquo;au moins 25 \u20ac est automatiquement factur\u00e9e en cas de restitution non conforme.<\/p>\n<\/div>\n<\/div>\n<\/div>\n<div class=\"row_wrap\">\n<div class=\"wp-block-columns row_xxl\">\n<div class=\"wp-block-column col-12 col-sm-auto\">\n<p><strong>Que faire en cas d\u2019erreurs de facturation ? <\/strong><\/p>\n<\/div>\n<\/div>\n<\/div>\n<div class=\"row_wrap\">\n<div class=\"wp-block-columns row_xxl\">\n<div class=\"wp-block-column col-12 col-sm-auto\">\n<p><span style=\"font-weight: 400\">En raison de l\u00e9g\u00e8res divergences GPS, il peut arriver que l\u2019on vous facture des frais pour restitution incorrecte alors que vous avez restitu\u00e9 le v\u00e9lo correctement. Ne vous faites pas de soucis. Veuillez contacter notre ligne d\u2019assistance au <a href=\"tel:+33367707070\">+33 (0)3 67 70 70 70<\/a> ou envoyer un message par l\u2019appli avec votre num\u00e9ro de portable enregistr\u00e9, le num\u00e9ro du v\u00e9lo et une br\u00e8ve description des faits. Nous rectifierons la location.<\/span><\/p>\n<\/div>\n<\/div>\n<\/div>\n<\/div>","protected":false},"excerpt":{"rendered":"<p>[vc_row][vc_column][vc_column_text] Informations relatives aux frais de service [\/vc_column_text][vc_column_text] Cher\/ch\u00e8re utilisateur\/trice, Vous avez retourn\u00e9 le v\u00e9lo de mani\u00e8re non conforme au r\u00e8gles du syst\u00e8me. Les v\u00e9los V\u00e9lhop ne peuvent \u00eatre rendus qu&rsquo;\u00e0 la station \u00e0 laquelle ils ont \u00e9t\u00e9 lou\u00e9s. En cas de restitution incorrecte de v\u00e9los, une p\u00e9nalit\u00e9 de 25 \u20ac par location est appliqu\u00e9e. [&hellip;]<\/p>\n","protected":false},"author":2,"featured_media":0,"parent":0,"menu_order":0,"comment_status":"closed","ping_status":"closed","template":"page-bubble.php","meta":{"_acf_changed":false,"inline_featured_image":false,"footnotes":""},"class_list":["post-118","page","type-page","status-publish","hentry"],"acf":[],"yoast_head":"<!-- This site is optimized with the Yoast SEO plugin v27.2 - https:\/\/yoast.com\/product\/yoast-seo-wordpress\/ -->\n<title>Frais de service - Strasbourg<\/title>\n<meta name=\"robots\" content=\"index, follow, max-snippet:-1, max-image-preview:large, max-video-preview:-1\" \/>\n<link rel=\"canonical\" href=\"https:\/\/vls.velhop.strasbourg.eu\/fr\/frais\/\" \/>\n<meta property=\"og:locale\" content=\"fr_FR\" \/>\n<meta property=\"og:type\" content=\"article\" \/>\n<meta property=\"og:title\" content=\"Frais de service - Strasbourg\" \/>\n<meta property=\"og:description\" content=\"[vc_row][vc_column][vc_column_text] Informations relatives aux frais de service [\/vc_column_text][vc_column_text] Cher\/ch\u00e8re utilisateur\/trice, Vous avez retourn\u00e9 le v\u00e9lo de mani\u00e8re non conforme au r\u00e8gles du syst\u00e8me. Les v\u00e9los V\u00e9lhop ne peuvent \u00eatre rendus qu&rsquo;\u00e0 la station \u00e0 laquelle ils ont \u00e9t\u00e9 lou\u00e9s. En cas de restitution incorrecte de v\u00e9los, une p\u00e9nalit\u00e9 de 25 \u20ac par location est appliqu\u00e9e. [&hellip;]\" \/>\n<meta property=\"og:url\" content=\"https:\/\/vls.velhop.strasbourg.eu\/fr\/frais\/\" \/>\n<meta property=\"og:site_name\" content=\"Strasbourg\" \/>\n<meta property=\"article:modified_time\" content=\"2024-04-12T09:23:13+00:00\" \/>\n<meta name=\"twitter:card\" content=\"summary_large_image\" \/>\n<meta name=\"twitter:label1\" content=\"Dur\u00e9e de lecture estim\u00e9e\" \/>\n\t<meta name=\"twitter:data1\" content=\"2 minutes\" \/>\n<script type=\"application\/ld+json\" class=\"yoast-schema-graph\">{\"@context\":\"https:\/\/schema.org\",\"@graph\":[{\"@type\":\"WebPage\",\"@id\":\"https:\/\/vls.velhop.strasbourg.eu\/fr\/frais\/\",\"url\":\"https:\/\/vls.velhop.strasbourg.eu\/fr\/frais\/\",\"name\":\"Frais de service - Strasbourg\",\"isPartOf\":{\"@id\":\"https:\/\/vls.velhop.strasbourg.eu\/fr\/#website\"},\"datePublished\":\"2022-08-26T11:50:08+00:00\",\"dateModified\":\"2024-04-12T09:23:13+00:00\",\"breadcrumb\":{\"@id\":\"https:\/\/vls.velhop.strasbourg.eu\/fr\/frais\/#breadcrumb\"},\"inLanguage\":\"fr-FR\",\"potentialAction\":[{\"@type\":\"ReadAction\",\"target\":[\"https:\/\/vls.velhop.strasbourg.eu\/fr\/frais\/\"]}]},{\"@type\":\"BreadcrumbList\",\"@id\":\"https:\/\/vls.velhop.strasbourg.eu\/fr\/frais\/#breadcrumb\",\"itemListElement\":[{\"@type\":\"ListItem\",\"position\":1,\"name\":\"Startseite\",\"item\":\"https:\/\/vls.velhop.strasbourg.eu\/fr\/\"},{\"@type\":\"ListItem\",\"position\":2,\"name\":\"Frais de service\"}]},{\"@type\":\"WebSite\",\"@id\":\"https:\/\/vls.velhop.strasbourg.eu\/fr\/#website\",\"url\":\"https:\/\/vls.velhop.strasbourg.eu\/fr\/\",\"name\":\"Strasbourg\",\"description\":\"Eine weitere Nextbike Websites Website\",\"potentialAction\":[{\"@type\":\"SearchAction\",\"target\":{\"@type\":\"EntryPoint\",\"urlTemplate\":\"https:\/\/vls.velhop.strasbourg.eu\/fr\/?s={search_term_string}\"},\"query-input\":{\"@type\":\"PropertyValueSpecification\",\"valueRequired\":true,\"valueName\":\"search_term_string\"}}],\"inLanguage\":\"fr-FR\"}]}<\/script>\n<!-- \/ Yoast SEO plugin. -->","yoast_head_json":{"title":"Frais de service - Strasbourg","robots":{"index":"index","follow":"follow","max-snippet":"max-snippet:-1","max-image-preview":"max-image-preview:large","max-video-preview":"max-video-preview:-1"},"canonical":"https:\/\/vls.velhop.strasbourg.eu\/fr\/frais\/","og_locale":"fr_FR","og_type":"article","og_title":"Frais de service - Strasbourg","og_description":"[vc_row][vc_column][vc_column_text] Informations relatives aux frais de service [\/vc_column_text][vc_column_text] Cher\/ch\u00e8re utilisateur\/trice, Vous avez retourn\u00e9 le v\u00e9lo de mani\u00e8re non conforme au r\u00e8gles du syst\u00e8me. Les v\u00e9los V\u00e9lhop ne peuvent \u00eatre rendus qu&rsquo;\u00e0 la station \u00e0 laquelle ils ont \u00e9t\u00e9 lou\u00e9s. En cas de restitution incorrecte de v\u00e9los, une p\u00e9nalit\u00e9 de 25 \u20ac par location est appliqu\u00e9e. [&hellip;]","og_url":"https:\/\/vls.velhop.strasbourg.eu\/fr\/frais\/","og_site_name":"Strasbourg","article_modified_time":"2024-04-12T09:23:13+00:00","twitter_card":"summary_large_image","twitter_misc":{"Dur\u00e9e de lecture estim\u00e9e":"2 minutes"},"schema":{"@context":"https:\/\/schema.org","@graph":[{"@type":"WebPage","@id":"https:\/\/vls.velhop.strasbourg.eu\/fr\/frais\/","url":"https:\/\/vls.velhop.strasbourg.eu\/fr\/frais\/","name":"Frais de service - Strasbourg","isPartOf":{"@id":"https:\/\/vls.velhop.strasbourg.eu\/fr\/#website"},"datePublished":"2022-08-26T11:50:08+00:00","dateModified":"2024-04-12T09:23:13+00:00","breadcrumb":{"@id":"https:\/\/vls.velhop.strasbourg.eu\/fr\/frais\/#breadcrumb"},"inLanguage":"fr-FR","potentialAction":[{"@type":"ReadAction","target":["https:\/\/vls.velhop.strasbourg.eu\/fr\/frais\/"]}]},{"@type":"BreadcrumbList","@id":"https:\/\/vls.velhop.strasbourg.eu\/fr\/frais\/#breadcrumb","itemListElement":[{"@type":"ListItem","position":1,"name":"Startseite","item":"https:\/\/vls.velhop.strasbourg.eu\/fr\/"},{"@type":"ListItem","position":2,"name":"Frais de service"}]},{"@type":"WebSite","@id":"https:\/\/vls.velhop.strasbourg.eu\/fr\/#website","url":"https:\/\/vls.velhop.strasbourg.eu\/fr\/","name":"Strasbourg","description":"Eine weitere Nextbike Websites Website","potentialAction":[{"@type":"SearchAction","target":{"@type":"EntryPoint","urlTemplate":"https:\/\/vls.velhop.strasbourg.eu\/fr\/?s={search_term_string}"},"query-input":{"@type":"PropertyValueSpecification","valueRequired":true,"valueName":"search_term_string"}}],"inLanguage":"fr-FR"}]}},"_links":{"self":[{"href":"https:\/\/vls.velhop.strasbourg.eu\/fr\/wp-json\/wp\/v2\/pages\/118","targetHints":{"allow":["GET"]}}],"collection":[{"href":"https:\/\/vls.velhop.strasbourg.eu\/fr\/wp-json\/wp\/v2\/pages"}],"about":[{"href":"https:\/\/vls.velhop.strasbourg.eu\/fr\/wp-json\/wp\/v2\/types\/page"}],"author":[{"embeddable":true,"href":"https:\/\/vls.velhop.strasbourg.eu\/fr\/wp-json\/wp\/v2\/users\/2"}],"replies":[{"embeddable":true,"href":"https:\/\/vls.velhop.strasbourg.eu\/fr\/wp-json\/wp\/v2\/comments?post=118"}],"version-history":[{"count":18,"href":"https:\/\/vls.velhop.strasbourg.eu\/fr\/wp-json\/wp\/v2\/pages\/118\/revisions"}],"predecessor-version":[{"id":377,"href":"https:\/\/vls.velhop.strasbourg.eu\/fr\/wp-json\/wp\/v2\/pages\/118\/revisions\/377"}],"wp:attachment":[{"href":"https:\/\/vls.velhop.strasbourg.eu\/fr\/wp-json\/wp\/v2\/media?parent=118"}],"curies":[{"name":"wp","href":"https:\/\/api.w.org\/{rel}","templated":true}]}}