{"id":130,"date":"2022-08-11T12:13:47","date_gmt":"2022-08-11T10:13:47","guid":{"rendered":"https:\/\/nextbike-live.pluspol-networks.de\/strasbourg\/mentions-legales\/"},"modified":"2023-06-16T14:37:42","modified_gmt":"2023-06-16T12:37:42","slug":"mentions-legales","status":"publish","type":"page","link":"https:\/\/vls.velhop.strasbourg.eu\/fr\/mentions-legales\/","title":{"rendered":"Mentions L\u00e9gales"},"content":{"rendered":"<div class=\"wpb-content-wrapper\"><p>[vc_row][vc_column][vc_column_text]<h1>Mentions l\u00e9gales<\/h1>\n<p>Strasbourg Mobilit\u00e9s V\u00e9lo est une entreprise priv\u00e9e (SAS), d\u2019un capital social de 450 000 euros, en charge de la promotion et de la commercialisation du service de v\u00e9los partag\u00e9s V\u00e9lhop (<a href=\"http:\/\/velhop.strasbourg.eu\/\" target=\"_blank\" rel=\"noopener noreferrer\">velhop.strasbourg.eu<\/a>)\u00a0au sein de l\u2019Eurom\u00e9tropole de Strasbourg :<\/p>\n<p><strong>Contact:<\/strong><\/p>\n<p>STRASBOURG MOBILIT\u00c9S VELO (SMV)<br \/>\n55 rue du March\u00e9 gare<br \/>\n67 200 STRASBOURG<br \/>\nT\u00e9l\u00e9phone : +33 (0)3 67 70 70 70<br \/>\nE-Mail : <a href=\"mailto:contact@velhop.strasbourg.eu\">contact@velhop.strasbourg.eu<\/a><\/p>\n<p><strong>Registre du Commerce:<\/strong><\/p>\n<p>RCS Strasbourg TI : 954 081 675<br \/>\nAPE : 7721Z<\/p>\n<p><strong>Num\u00e9ro de TVA intracommunautaire:<\/strong><\/p>\n<p>Num\u00e9ro d\u2019identification de TVA:<br \/>\nFR77954081675<\/p>\n<p>&nbsp;<\/p>\n<p><b>POLITIQUE DE CONFIDENTIALIT\u00c9 DE Strasbourg Mobilit\u00e9s V\u00e9lo VIS-A-VIS DE SA CLIENT\u00c8LE<\/b><\/p>\n<p>Soucieuse de pr\u00e9server votre vie priv\u00e9e, Strasbourg Mobilit\u00e9s V\u00e9lo met tout en \u0153uvre pour prot\u00e9ger la confidentialit\u00e9 de vos informations personnelles. Vous pouvez consulter la politique de confidentialit\u00e9 de Strasbourg Mobilit\u00e9s V\u00e9lo\u00a0<a href=\"https:\/\/velhop.strasbourg.eu\/politique-de-confidentialite\/\">en cliquant ici<\/a>.<\/p>\n<p>La politique de confidentialit\u00e9 de Strasbourg Mobilit\u00e9s V\u00e9lo vis-\u00e0-vis de sa client\u00e8le peut \u00eatre modifi\u00e9 \u00e0 tout moment. Nous vous invitons \u00e0 la consulter r\u00e9guli\u00e8rement pour \u00eatre tenu inform\u00e9 de ses \u00e9volutions \u00e9ventuelles.<\/p>\n<p>Vous pouvez exercer un droit d\u2019acc\u00e8s, de modification, de rectification, d\u2019opposition et de portabilit\u00e9 de vos donn\u00e9es personnelles aupr\u00e8s de Strasbourg Mobilit\u00e9s V\u00e9lo par demande \u00e9crite \u00e0 DPO- Strasbourg Mobilit\u00e9s V\u00e9lo, 55 rue du March\u00e9 Gare \u2013 67200 Strasbourg.<\/p>\n<p><b>DROITS D\u2019AUTEUR<\/b><\/p>\n<p>Tous \u00e9l\u00e9ments, marques ou autre propri\u00e9t\u00e9 intellectuelle sur ce site sont la propri\u00e9t\u00e9 de Strasbourg Mobilit\u00e9s V\u00e9lo et sont sujets au droit d\u2019auteur.<br \/>\nDirectrice de publication : Camille JANTON<\/p>\n<p><b>DROIT DE REPRODUCTION<\/b><\/p>\n<p>Les informations pr\u00e9sent\u00e9es sur le site sont publiques, mais elles ne peuvent \u00eatre utilis\u00e9es \u00e0 des fins commerciales ou publicitaires. La reproduction des pages de ce site est possible \u00e0 condition de respecter l\u2019int\u00e9grit\u00e9 des documents reproduits (pas de modification ni alt\u00e9ration d\u2019aucune sorte).<\/p>\n<p><b>RESPONSABILITES ET GARANTIES POUR L\u2019UTILISATION DU SITE<\/b><\/p>\n<p>Strasbourg Mobilit\u00e9s V\u00e9lo ne garantit pas que le site sera exempt d\u2019anomalies, d\u2019erreurs ou de bugs, ni que celles-ci pourront \u00eatre corrig\u00e9es, ni que le site fonctionnera sans interruption ou pannes, ni encore qu\u2019il est compatible avec un mat\u00e9riel ou une configuration particuli\u00e8re autre que celle express\u00e9ment valid\u00e9e par la soci\u00e9t\u00e9.<\/p>\n<p>Strasbourg Mobilit\u00e9s V\u00e9lo ne garantit ni l\u2019exactitude ni l\u2019exhaustivit\u00e9 des informations, documents fournis, horaires, itin\u00e9raires, descriptions de produits et tarifs et se r\u00e9serve le droit de les modifier \u00e0 tout moment et ce sans notification pr\u00e9alable.<\/p>\n<p>Strasbourg Mobilit\u00e9s V\u00e9lo ne pourra en aucun cas \u00eatre tenu pour responsable de dysfonctionnements imputables \u00e0 des logiciels de tiers que ceux-ci soient ou non incorpor\u00e9s dans le site ou fournis avec celui-ci.<\/p>\n<p>En aucun cas, Strasbourg Mobilit\u00e9s V\u00e9lo ne sera responsable de tout type de dommage pr\u00e9visible ou impr\u00e9visible (incluant la perte de profits ou d\u2019opportunit\u00e9 \u2026) d\u00e9coulant de l\u2019utilisation ou de l\u2019impossibilit\u00e9 totale ou partielle d\u2019utiliser le site. Enfin, Strasbourg Mobilit\u00e9s V\u00e9lo ne pouvant contr\u00f4ler l\u2019ensemble des sites sur lesquels elle renvoie par l\u2019interm\u00e9diaire de liens hypertextes, qui n\u2019existent que pour faciliter les recherches de l\u2019utilisateur, n\u2019est aucun cas responsable de leur contenu.<\/p>\n<p>L\u2019internaute reconna\u00eet conna\u00eetre les caract\u00e9ristiques et les limites de l\u2019Internet, en particulier ses performances techniques, les temps de r\u00e9ponse pour consulter, interroger ou transf\u00e9rer des donn\u00e9es et les risques li\u00e9s \u00e0 la s\u00e9curit\u00e9 des communications.<\/p>\n<p>En aucun cas, Strasbourg Mobilit\u00e9s V\u00e9lo ou tout tiers mentionn\u00e9 sur ce site, ne pourront \u00eatre tenus pour responsables des dommages, qu\u2019elle qu\u2019en soit la nature, imputables \u00e0 l\u2019utilisation, \u00e0 l\u2019impossibilit\u00e9 d\u2019utiliser ou aux r\u00e9sultats de l\u2019utilisation de ce site ou de sites reli\u00e9s \u00e0 ce site, ou imputables \u00e0 des documents contenus dans ce site.<\/p>\n[\/vc_column_text][\/vc_column][\/vc_row]<\/p>\n<\/div>","protected":false},"excerpt":{"rendered":"<p>[vc_row][vc_column][vc_column_text][\/vc_column_text][\/vc_column][\/vc_row]<\/p>\n","protected":false},"author":5,"featured_media":0,"parent":0,"menu_order":0,"comment_status":"closed","ping_status":"closed","template":"","meta":{"_acf_changed":false,"inline_featured_image":false,"footnotes":""},"class_list":["post-130","page","type-page","status-publish","hentry"],"acf":[],"yoast_head":"<!-- This site is optimized with the Yoast SEO plugin v27.2 - https:\/\/yoast.com\/product\/yoast-seo-wordpress\/ -->\n<title>Mentions L\u00e9gales - Strasbourg<\/title>\n<meta name=\"robots\" content=\"index, follow, max-snippet:-1, max-image-preview:large, max-video-preview:-1\" \/>\n<link rel=\"canonical\" href=\"https:\/\/vls.velhop.strasbourg.eu\/fr\/mentions-legales\/\" \/>\n<meta property=\"og:locale\" content=\"fr_FR\" \/>\n<meta property=\"og:type\" content=\"article\" \/>\n<meta property=\"og:title\" content=\"Mentions L\u00e9gales - Strasbourg\" \/>\n<meta property=\"og:description\" content=\"[vc_row][vc_column][vc_column_text][\/vc_column_text][\/vc_column][\/vc_row]\" \/>\n<meta property=\"og:url\" content=\"https:\/\/vls.velhop.strasbourg.eu\/fr\/mentions-legales\/\" \/>\n<meta property=\"og:site_name\" content=\"Strasbourg\" \/>\n<meta property=\"article:modified_time\" content=\"2023-06-16T12:37:42+00:00\" \/>\n<meta name=\"twitter:card\" content=\"summary_large_image\" \/>\n<script type=\"application\/ld+json\" class=\"yoast-schema-graph\">{\"@context\":\"https:\/\/schema.org\",\"@graph\":[{\"@type\":\"WebPage\",\"@id\":\"https:\/\/vls.velhop.strasbourg.eu\/fr\/mentions-legales\/\",\"url\":\"https:\/\/vls.velhop.strasbourg.eu\/fr\/mentions-legales\/\",\"name\":\"Mentions L\u00e9gales - Strasbourg\",\"isPartOf\":{\"@id\":\"https:\/\/vls.velhop.strasbourg.eu\/fr\/#website\"},\"datePublished\":\"2022-08-11T10:13:47+00:00\",\"dateModified\":\"2023-06-16T12:37:42+00:00\",\"breadcrumb\":{\"@id\":\"https:\/\/vls.velhop.strasbourg.eu\/fr\/mentions-legales\/#breadcrumb\"},\"inLanguage\":\"fr-FR\",\"potentialAction\":[{\"@type\":\"ReadAction\",\"target\":[\"https:\/\/vls.velhop.strasbourg.eu\/fr\/mentions-legales\/\"]}]},{\"@type\":\"BreadcrumbList\",\"@id\":\"https:\/\/vls.velhop.strasbourg.eu\/fr\/mentions-legales\/#breadcrumb\",\"itemListElement\":[{\"@type\":\"ListItem\",\"position\":1,\"name\":\"Startseite\",\"item\":\"https:\/\/vls.velhop.strasbourg.eu\/fr\/\"},{\"@type\":\"ListItem\",\"position\":2,\"name\":\"Mentions L\u00e9gales\"}]},{\"@type\":\"WebSite\",\"@id\":\"https:\/\/vls.velhop.strasbourg.eu\/fr\/#website\",\"url\":\"https:\/\/vls.velhop.strasbourg.eu\/fr\/\",\"name\":\"Strasbourg\",\"description\":\"Eine weitere Nextbike Websites Website\",\"potentialAction\":[{\"@type\":\"SearchAction\",\"target\":{\"@type\":\"EntryPoint\",\"urlTemplate\":\"https:\/\/vls.velhop.strasbourg.eu\/fr\/?s={search_term_string}\"},\"query-input\":{\"@type\":\"PropertyValueSpecification\",\"valueRequired\":true,\"valueName\":\"search_term_string\"}}],\"inLanguage\":\"fr-FR\"}]}<\/script>\n<!-- \/ Yoast SEO plugin. -->","yoast_head_json":{"title":"Mentions L\u00e9gales - Strasbourg","robots":{"index":"index","follow":"follow","max-snippet":"max-snippet:-1","max-image-preview":"max-image-preview:large","max-video-preview":"max-video-preview:-1"},"canonical":"https:\/\/vls.velhop.strasbourg.eu\/fr\/mentions-legales\/","og_locale":"fr_FR","og_type":"article","og_title":"Mentions L\u00e9gales - Strasbourg","og_description":"[vc_row][vc_column][vc_column_text][\/vc_column_text][\/vc_column][\/vc_row]","og_url":"https:\/\/vls.velhop.strasbourg.eu\/fr\/mentions-legales\/","og_site_name":"Strasbourg","article_modified_time":"2023-06-16T12:37:42+00:00","twitter_card":"summary_large_image","schema":{"@context":"https:\/\/schema.org","@graph":[{"@type":"WebPage","@id":"https:\/\/vls.velhop.strasbourg.eu\/fr\/mentions-legales\/","url":"https:\/\/vls.velhop.strasbourg.eu\/fr\/mentions-legales\/","name":"Mentions L\u00e9gales - Strasbourg","isPartOf":{"@id":"https:\/\/vls.velhop.strasbourg.eu\/fr\/#website"},"datePublished":"2022-08-11T10:13:47+00:00","dateModified":"2023-06-16T12:37:42+00:00","breadcrumb":{"@id":"https:\/\/vls.velhop.strasbourg.eu\/fr\/mentions-legales\/#breadcrumb"},"inLanguage":"fr-FR","potentialAction":[{"@type":"ReadAction","target":["https:\/\/vls.velhop.strasbourg.eu\/fr\/mentions-legales\/"]}]},{"@type":"BreadcrumbList","@id":"https:\/\/vls.velhop.strasbourg.eu\/fr\/mentions-legales\/#breadcrumb","itemListElement":[{"@type":"ListItem","position":1,"name":"Startseite","item":"https:\/\/vls.velhop.strasbourg.eu\/fr\/"},{"@type":"ListItem","position":2,"name":"Mentions L\u00e9gales"}]},{"@type":"WebSite","@id":"https:\/\/vls.velhop.strasbourg.eu\/fr\/#website","url":"https:\/\/vls.velhop.strasbourg.eu\/fr\/","name":"Strasbourg","description":"Eine weitere Nextbike Websites Website","potentialAction":[{"@type":"SearchAction","target":{"@type":"EntryPoint","urlTemplate":"https:\/\/vls.velhop.strasbourg.eu\/fr\/?s={search_term_string}"},"query-input":{"@type":"PropertyValueSpecification","valueRequired":true,"valueName":"search_term_string"}}],"inLanguage":"fr-FR"}]}},"_links":{"self":[{"href":"https:\/\/vls.velhop.strasbourg.eu\/fr\/wp-json\/wp\/v2\/pages\/130","targetHints":{"allow":["GET"]}}],"collection":[{"href":"https:\/\/vls.velhop.strasbourg.eu\/fr\/wp-json\/wp\/v2\/pages"}],"about":[{"href":"https:\/\/vls.velhop.strasbourg.eu\/fr\/wp-json\/wp\/v2\/types\/page"}],"author":[{"embeddable":true,"href":"https:\/\/vls.velhop.strasbourg.eu\/fr\/wp-json\/wp\/v2\/users\/5"}],"replies":[{"embeddable":true,"href":"https:\/\/vls.velhop.strasbourg.eu\/fr\/wp-json\/wp\/v2\/comments?post=130"}],"version-history":[{"count":3,"href":"https:\/\/vls.velhop.strasbourg.eu\/fr\/wp-json\/wp\/v2\/pages\/130\/revisions"}],"predecessor-version":[{"id":133,"href":"https:\/\/vls.velhop.strasbourg.eu\/fr\/wp-json\/wp\/v2\/pages\/130\/revisions\/133"}],"wp:attachment":[{"href":"https:\/\/vls.velhop.strasbourg.eu\/fr\/wp-json\/wp\/v2\/media?parent=130"}],"curies":[{"name":"wp","href":"https:\/\/api.w.org\/{rel}","templated":true}]}}