{"id":138,"date":"2022-11-15T07:57:06","date_gmt":"2022-11-15T06:57:06","guid":{"rendered":"https:\/\/nextbike-live.pluspol-networks.de\/strasbourg\/revocation\/"},"modified":"2023-06-16T14:37:57","modified_gmt":"2023-06-16T12:37:57","slug":"revocation","status":"publish","type":"page","link":"https:\/\/vls.velhop.strasbourg.eu\/fr\/revocation\/","title":{"rendered":"R\u00e9vocation"},"content":{"rendered":"<div class=\"wpb-content-wrapper\"><p>[vc_row][vc_column][vc_column_text]<h1><strong>Information sur le droit de r\u00e9tractation<\/strong><\/h1>\n<p>Cette information sur le droit de r\u00e9tractation s\u2019applique aux abonnements, et non au tarif de base. Une fois la commande valid\u00e9e, celle-ci est d\u00e9finitive et ne peut donc plus \u00eatre modifi\u00e9e.<br \/>\nLe Client dispose d\u2019un d\u00e9lai l\u00e9gal de r\u00e9tractation de 14 jours calendaires \u00e0 compter de la r\u00e9ception de l\u2019e-mail de confirmation de prise en compte de sa commande.<\/p>\n<p>\u00c0 cette fin, le formulaire type de r\u00e9tractation est disponible sur le site internet <a href=\"https:\/\/velhop.strasbourg.eu\">https:\/\/velhop.strasbourg.eu<\/a><\/p>\n<p>S\u2019il souhaite exercer son droit de r\u00e9tractation, le Client adresse le formulaire de r\u00e9tractation ou toute autre d\u00e9claration d\u00e9nu\u00e9e d\u2019ambigu\u00eft\u00e9 exprimant sa volont\u00e9 de se r\u00e9tracter, par courrier \u00e9lectronique \u00e0 l\u2019adresse suivante <a href=\"mailto:contact@velhop.strasbourg.eu\">contact@velhop.strasbourg.eu<\/a> ou par courrier recommand\u00e9 avec accus\u00e9 de r\u00e9ception \u00e0 Strasbourg Mobilit\u00e9s V\u00e9lo \u2013 55 rue du March\u00e9 Gare \u2013 67200 Strasbourg, dans le d\u00e9lai susmentionn\u00e9.<\/p>\n<p>Le Client se verra rembourser le montant de la commande non ex\u00e9cut\u00e9e et ne pourra pr\u00e9tendre \u00e0 aucune indemnisation compl\u00e9mentaire. Si le service lui a \u00e9t\u00e9 fourni avant la fin du d\u00e9lai de r\u00e9tractation, le Client sera rembours\u00e9 au prorata temporis du service fourni.<\/p>\n<a aria-label=\"Ouvre dans un nouvel onglet\" href=\"https:\/\/vls.velhop.strasbourg.eu\/wp-content\/uploads\/2024\/04\/2024_04_09_Widerrufsbelehrung.pdf\" target=\"_blank\" class=\"ppi_withdrawal_download_link\"><strong>T\u00e9l\u00e9charge ici un mod\u00e8le de formulaire de r\u00e9tractation.<\/strong><\/a>[\/vc_column_text][\/vc_column][\/vc_row]<\/p>\n<\/div>","protected":false},"excerpt":{"rendered":"<p>[vc_row][vc_column][vc_column_text][\/vc_column_text][\/vc_column][\/vc_row]<\/p>\n","protected":false},"author":5,"featured_media":0,"parent":0,"menu_order":0,"comment_status":"closed","ping_status":"closed","template":"","meta":{"_acf_changed":false,"inline_featured_image":false,"footnotes":""},"class_list":["post-138","page","type-page","status-publish","hentry"],"acf":[],"yoast_head":"<!-- This site is optimized with the Yoast SEO plugin v27.2 - https:\/\/yoast.com\/product\/yoast-seo-wordpress\/ -->\n<title>R\u00e9vocation - Strasbourg<\/title>\n<meta name=\"robots\" content=\"index, follow, max-snippet:-1, max-image-preview:large, max-video-preview:-1\" \/>\n<link rel=\"canonical\" href=\"https:\/\/vls.velhop.strasbourg.eu\/fr\/revocation\/\" \/>\n<meta property=\"og:locale\" content=\"fr_FR\" \/>\n<meta property=\"og:type\" content=\"article\" \/>\n<meta property=\"og:title\" content=\"R\u00e9vocation - Strasbourg\" \/>\n<meta property=\"og:description\" content=\"[vc_row][vc_column][vc_column_text][\/vc_column_text][\/vc_column][\/vc_row]\" \/>\n<meta property=\"og:url\" content=\"https:\/\/vls.velhop.strasbourg.eu\/fr\/revocation\/\" \/>\n<meta property=\"og:site_name\" content=\"Strasbourg\" \/>\n<meta property=\"article:modified_time\" content=\"2023-06-16T12:37:57+00:00\" \/>\n<meta name=\"twitter:card\" content=\"summary_large_image\" \/>\n<script type=\"application\/ld+json\" class=\"yoast-schema-graph\">{\"@context\":\"https:\/\/schema.org\",\"@graph\":[{\"@type\":\"WebPage\",\"@id\":\"https:\/\/vls.velhop.strasbourg.eu\/fr\/revocation\/\",\"url\":\"https:\/\/vls.velhop.strasbourg.eu\/fr\/revocation\/\",\"name\":\"R\u00e9vocation - Strasbourg\",\"isPartOf\":{\"@id\":\"https:\/\/vls.velhop.strasbourg.eu\/fr\/#website\"},\"datePublished\":\"2022-11-15T06:57:06+00:00\",\"dateModified\":\"2023-06-16T12:37:57+00:00\",\"breadcrumb\":{\"@id\":\"https:\/\/vls.velhop.strasbourg.eu\/fr\/revocation\/#breadcrumb\"},\"inLanguage\":\"fr-FR\",\"potentialAction\":[{\"@type\":\"ReadAction\",\"target\":[\"https:\/\/vls.velhop.strasbourg.eu\/fr\/revocation\/\"]}]},{\"@type\":\"BreadcrumbList\",\"@id\":\"https:\/\/vls.velhop.strasbourg.eu\/fr\/revocation\/#breadcrumb\",\"itemListElement\":[{\"@type\":\"ListItem\",\"position\":1,\"name\":\"Startseite\",\"item\":\"https:\/\/vls.velhop.strasbourg.eu\/fr\/\"},{\"@type\":\"ListItem\",\"position\":2,\"name\":\"R\u00e9vocation\"}]},{\"@type\":\"WebSite\",\"@id\":\"https:\/\/vls.velhop.strasbourg.eu\/fr\/#website\",\"url\":\"https:\/\/vls.velhop.strasbourg.eu\/fr\/\",\"name\":\"Strasbourg\",\"description\":\"Eine weitere Nextbike Websites Website\",\"potentialAction\":[{\"@type\":\"SearchAction\",\"target\":{\"@type\":\"EntryPoint\",\"urlTemplate\":\"https:\/\/vls.velhop.strasbourg.eu\/fr\/?s={search_term_string}\"},\"query-input\":{\"@type\":\"PropertyValueSpecification\",\"valueRequired\":true,\"valueName\":\"search_term_string\"}}],\"inLanguage\":\"fr-FR\"}]}<\/script>\n<!-- \/ Yoast SEO plugin. -->","yoast_head_json":{"title":"R\u00e9vocation - Strasbourg","robots":{"index":"index","follow":"follow","max-snippet":"max-snippet:-1","max-image-preview":"max-image-preview:large","max-video-preview":"max-video-preview:-1"},"canonical":"https:\/\/vls.velhop.strasbourg.eu\/fr\/revocation\/","og_locale":"fr_FR","og_type":"article","og_title":"R\u00e9vocation - Strasbourg","og_description":"[vc_row][vc_column][vc_column_text][\/vc_column_text][\/vc_column][\/vc_row]","og_url":"https:\/\/vls.velhop.strasbourg.eu\/fr\/revocation\/","og_site_name":"Strasbourg","article_modified_time":"2023-06-16T12:37:57+00:00","twitter_card":"summary_large_image","schema":{"@context":"https:\/\/schema.org","@graph":[{"@type":"WebPage","@id":"https:\/\/vls.velhop.strasbourg.eu\/fr\/revocation\/","url":"https:\/\/vls.velhop.strasbourg.eu\/fr\/revocation\/","name":"R\u00e9vocation - Strasbourg","isPartOf":{"@id":"https:\/\/vls.velhop.strasbourg.eu\/fr\/#website"},"datePublished":"2022-11-15T06:57:06+00:00","dateModified":"2023-06-16T12:37:57+00:00","breadcrumb":{"@id":"https:\/\/vls.velhop.strasbourg.eu\/fr\/revocation\/#breadcrumb"},"inLanguage":"fr-FR","potentialAction":[{"@type":"ReadAction","target":["https:\/\/vls.velhop.strasbourg.eu\/fr\/revocation\/"]}]},{"@type":"BreadcrumbList","@id":"https:\/\/vls.velhop.strasbourg.eu\/fr\/revocation\/#breadcrumb","itemListElement":[{"@type":"ListItem","position":1,"name":"Startseite","item":"https:\/\/vls.velhop.strasbourg.eu\/fr\/"},{"@type":"ListItem","position":2,"name":"R\u00e9vocation"}]},{"@type":"WebSite","@id":"https:\/\/vls.velhop.strasbourg.eu\/fr\/#website","url":"https:\/\/vls.velhop.strasbourg.eu\/fr\/","name":"Strasbourg","description":"Eine weitere Nextbike Websites Website","potentialAction":[{"@type":"SearchAction","target":{"@type":"EntryPoint","urlTemplate":"https:\/\/vls.velhop.strasbourg.eu\/fr\/?s={search_term_string}"},"query-input":{"@type":"PropertyValueSpecification","valueRequired":true,"valueName":"search_term_string"}}],"inLanguage":"fr-FR"}]}},"_links":{"self":[{"href":"https:\/\/vls.velhop.strasbourg.eu\/fr\/wp-json\/wp\/v2\/pages\/138","targetHints":{"allow":["GET"]}}],"collection":[{"href":"https:\/\/vls.velhop.strasbourg.eu\/fr\/wp-json\/wp\/v2\/pages"}],"about":[{"href":"https:\/\/vls.velhop.strasbourg.eu\/fr\/wp-json\/wp\/v2\/types\/page"}],"author":[{"embeddable":true,"href":"https:\/\/vls.velhop.strasbourg.eu\/fr\/wp-json\/wp\/v2\/users\/5"}],"replies":[{"embeddable":true,"href":"https:\/\/vls.velhop.strasbourg.eu\/fr\/wp-json\/wp\/v2\/comments?post=138"}],"version-history":[{"count":3,"href":"https:\/\/vls.velhop.strasbourg.eu\/fr\/wp-json\/wp\/v2\/pages\/138\/revisions"}],"predecessor-version":[{"id":141,"href":"https:\/\/vls.velhop.strasbourg.eu\/fr\/wp-json\/wp\/v2\/pages\/138\/revisions\/141"}],"wp:attachment":[{"href":"https:\/\/vls.velhop.strasbourg.eu\/fr\/wp-json\/wp\/v2\/media?parent=138"}],"curies":[{"name":"wp","href":"https:\/\/api.w.org\/{rel}","templated":true}]}}